{"id":5865,"date":"2026-04-22T16:42:46","date_gmt":"2026-04-22T15:42:46","guid":{"rendered":"https:\/\/winemission.hu\/?product=1xi-egyszeri-cuvee-edes"},"modified":"2026-04-22T16:50:12","modified_gmt":"2026-04-22T15:50:12","slug":"1xi-egyszeri-cuvee-edes","status":"publish","type":"product","link":"https:\/\/winemission.hu\/?product=1xi-egyszeri-cuvee-edes","title":{"rendered":"1xi (Egyszeri) Cuv\u00e9e &#8211; \u00e9des"},"content":{"rendered":"","protected":false},"excerpt":{"rendered":"","protected":false},"featured_media":0,"comment_status":"open","ping_status":"closed","template":"","meta":[],"product_brand":[],"product_cat":[16],"product_tag":[],"winery":[782],"wine_variety":[783],"wine_region":[784],"wine_vintage":[678],"class_list":{"0":"post-5865","1":"product","2":"type-product","3":"status-publish","5":"product_cat-egyeb","6":"winery-ats-pince","7":"wine_variety-sargamuskotaly","8":"wine_region-tokaj","9":"wine_vintage-678","11":"first","12":"instock","13":"taxable","14":"shipping-taxable","15":"purchasable","16":"product-type-simple"},"yoast_head":"<!-- This site is optimized with the Yoast SEO Premium plugin v27.3 (Yoast SEO v27.4) - https:\/\/yoast.com\/product\/yoast-seo-premium-wordpress\/ -->\n<title>1xi (Egyszeri) Cuv\u00e9e - \u00e9des - Winemission<\/title>\n<meta name=\"robots\" content=\"index, follow, max-snippet:-1, max-image-preview:large, max-video-preview:-1\" \/>\n<link rel=\"canonical\" href=\"https:\/\/winemission.hu\/?product=1xi-egyszeri-cuvee-edes\" \/>\n<meta property=\"og:locale\" content=\"hu_HU\" \/>\n<meta property=\"og:type\" content=\"article\" \/>\n<meta property=\"og:title\" content=\"1xi (Egyszeri) Cuv\u00e9e - \u00e9des\" \/>\n<meta property=\"og:description\" content=\"1xi (Egyszeri) Cuv\u00e9e - \u00e9des\" \/>\n<meta property=\"og:url\" content=\"https:\/\/winemission.hu\/?product=1xi-egyszeri-cuvee-edes\" \/>\n<meta property=\"og:site_name\" content=\"Winemission\" \/>\n<meta property=\"article:publisher\" content=\"https:\/\/www.facebook.com\/winemission\" \/>\n<meta property=\"article:modified_time\" content=\"2026-04-22T15:50:12+00:00\" \/>\n<meta name=\"twitter:card\" content=\"summary_large_image\" \/>\n<script type=\"application\/ld+json\" class=\"yoast-schema-graph\">{\"@context\":\"https:\\\/\\\/schema.org\",\"@graph\":[{\"@type\":\"WebPage\",\"@id\":\"https:\\\/\\\/winemission.hu\\\/?product=1xi-egyszeri-cuvee-edes\",\"url\":\"https:\\\/\\\/winemission.hu\\\/?product=1xi-egyszeri-cuvee-edes\",\"name\":\"1xi (Egyszeri) Cuv\u00e9e - \u00e9des - Winemission\",\"isPartOf\":{\"@id\":\"https:\\\/\\\/winemission.hu\\\/#website\"},\"datePublished\":\"2026-04-22T15:42:46+00:00\",\"dateModified\":\"2026-04-22T15:50:12+00:00\",\"breadcrumb\":{\"@id\":\"https:\\\/\\\/winemission.hu\\\/?product=1xi-egyszeri-cuvee-edes#breadcrumb\"},\"inLanguage\":\"hu\",\"potentialAction\":[{\"@type\":\"ReadAction\",\"target\":[\"https:\\\/\\\/winemission.hu\\\/?product=1xi-egyszeri-cuvee-edes\"]}]},{\"@type\":\"BreadcrumbList\",\"@id\":\"https:\\\/\\\/winemission.hu\\\/?product=1xi-egyszeri-cuvee-edes#breadcrumb\",\"itemListElement\":[{\"@type\":\"ListItem\",\"position\":1,\"name\":\"Kezd\u0151lap\",\"item\":\"https:\\\/\\\/winemission.hu\\\/\"},{\"@type\":\"ListItem\",\"position\":2,\"name\":\"Shop\",\"item\":\"https:\\\/\\\/winemission.hu\\\/?page_id=16\"},{\"@type\":\"ListItem\",\"position\":3,\"name\":\"1xi (Egyszeri) Cuv\u00e9e &#8211; \u00e9des\"}]},{\"@type\":\"WebSite\",\"@id\":\"https:\\\/\\\/winemission.hu\\\/#website\",\"url\":\"https:\\\/\\\/winemission.hu\\\/\",\"name\":\"Winemission\",\"description\":\"Bor \u00e9s prosecco.\",\"publisher\":{\"@id\":\"https:\\\/\\\/winemission.hu\\\/#organization\"},\"alternateName\":\"winemission\",\"potentialAction\":[{\"@type\":\"SearchAction\",\"target\":{\"@type\":\"EntryPoint\",\"urlTemplate\":\"https:\\\/\\\/winemission.hu\\\/?s={search_term_string}\"},\"query-input\":{\"@type\":\"PropertyValueSpecification\",\"valueRequired\":true,\"valueName\":\"search_term_string\"}}],\"inLanguage\":\"hu\"},{\"@type\":\"Organization\",\"@id\":\"https:\\\/\\\/winemission.hu\\\/#organization\",\"name\":\"Winemission\",\"alternateName\":\"winemission\",\"url\":\"https:\\\/\\\/winemission.hu\\\/\",\"logo\":{\"@type\":\"ImageObject\",\"inLanguage\":\"hu\",\"@id\":\"https:\\\/\\\/winemission.hu\\\/#\\\/schema\\\/logo\\\/image\\\/\",\"url\":\"https:\\\/\\\/winemission.hu\\\/wp-content\\\/uploads\\\/2026\\\/02\\\/cropped-logo-wm-wihte.png\",\"contentUrl\":\"https:\\\/\\\/winemission.hu\\\/wp-content\\\/uploads\\\/2026\\\/02\\\/cropped-logo-wm-wihte.png\",\"width\":1000,\"height\":500,\"caption\":\"Winemission\"},\"image\":{\"@id\":\"https:\\\/\\\/winemission.hu\\\/#\\\/schema\\\/logo\\\/image\\\/\"},\"sameAs\":[\"https:\\\/\\\/www.facebook.com\\\/winemission\",\"https:\\\/\\\/www.instagram.com\\\/wine_mission_hungary\\\/\",\"https:\\\/\\\/share.google\\\/Zdes6LbYZOfgRQ8zX\"],\"description\":\"A Wine Mission Kft. min\u0151s\u00e9gi borok \u00e9s prosecc\u00f3k kis- \u00e9s nagykereskedelm\u00e9vel foglalkozik. Hazai k\u00e9zm\u0171ves \u00e9s pr\u00e9mium bor\u00e1szatok mellett olyan k\u00fcl\u00f6nleges, kiv\u00e1l\u00f3 \u00e1r-\u00e9rt\u00e9k ar\u00e1ny\u00fa francia, olasz \u00e9s spanyol borokat (mint p\u00e9ld\u00e1ul a neves olasz IL COLLE csal\u00e1di pinc\u00e9szet term\u00e9keit) is k\u00e9pvisel\u00fcnk \u00e9s forgalmazunk Magyarorsz\u00e1gon, amelyek igazi gy\u00f6ngyszemek az eur\u00f3pai borvil\u00e1gban.\",\"email\":\"info@winemission.hu\",\"telephone\":\"+36 30 300 3865\",\"legalName\":\"Wine Mission Kft\",\"numberOfEmployees\":{\"@type\":\"QuantitativeValue\",\"minValue\":\"1\",\"maxValue\":\"10\"}}]}<\/script>\n<!-- \/ Yoast SEO Premium plugin. -->","yoast_head_json":{"title":"1xi (Egyszeri) Cuv\u00e9e - \u00e9des - Winemission","robots":{"index":"index","follow":"follow","max-snippet":"max-snippet:-1","max-image-preview":"max-image-preview:large","max-video-preview":"max-video-preview:-1"},"canonical":"https:\/\/winemission.hu\/?product=1xi-egyszeri-cuvee-edes","og_locale":"hu_HU","og_type":"article","og_title":"1xi (Egyszeri) Cuv\u00e9e - \u00e9des","og_description":"1xi (Egyszeri) Cuv\u00e9e - \u00e9des","og_url":"https:\/\/winemission.hu\/?product=1xi-egyszeri-cuvee-edes","og_site_name":"Winemission","article_publisher":"https:\/\/www.facebook.com\/winemission","article_modified_time":"2026-04-22T15:50:12+00:00","twitter_card":"summary_large_image","schema":{"@context":"https:\/\/schema.org","@graph":[{"@type":"WebPage","@id":"https:\/\/winemission.hu\/?product=1xi-egyszeri-cuvee-edes","url":"https:\/\/winemission.hu\/?product=1xi-egyszeri-cuvee-edes","name":"1xi (Egyszeri) Cuv\u00e9e - \u00e9des - Winemission","isPartOf":{"@id":"https:\/\/winemission.hu\/#website"},"datePublished":"2026-04-22T15:42:46+00:00","dateModified":"2026-04-22T15:50:12+00:00","breadcrumb":{"@id":"https:\/\/winemission.hu\/?product=1xi-egyszeri-cuvee-edes#breadcrumb"},"inLanguage":"hu","potentialAction":[{"@type":"ReadAction","target":["https:\/\/winemission.hu\/?product=1xi-egyszeri-cuvee-edes"]}]},{"@type":"BreadcrumbList","@id":"https:\/\/winemission.hu\/?product=1xi-egyszeri-cuvee-edes#breadcrumb","itemListElement":[{"@type":"ListItem","position":1,"name":"Kezd\u0151lap","item":"https:\/\/winemission.hu\/"},{"@type":"ListItem","position":2,"name":"Shop","item":"https:\/\/winemission.hu\/?page_id=16"},{"@type":"ListItem","position":3,"name":"1xi (Egyszeri) Cuv\u00e9e &#8211; \u00e9des"}]},{"@type":"WebSite","@id":"https:\/\/winemission.hu\/#website","url":"https:\/\/winemission.hu\/","name":"Winemission","description":"Bor \u00e9s prosecco.","publisher":{"@id":"https:\/\/winemission.hu\/#organization"},"alternateName":"winemission","potentialAction":[{"@type":"SearchAction","target":{"@type":"EntryPoint","urlTemplate":"https:\/\/winemission.hu\/?s={search_term_string}"},"query-input":{"@type":"PropertyValueSpecification","valueRequired":true,"valueName":"search_term_string"}}],"inLanguage":"hu"},{"@type":"Organization","@id":"https:\/\/winemission.hu\/#organization","name":"Winemission","alternateName":"winemission","url":"https:\/\/winemission.hu\/","logo":{"@type":"ImageObject","inLanguage":"hu","@id":"https:\/\/winemission.hu\/#\/schema\/logo\/image\/","url":"https:\/\/winemission.hu\/wp-content\/uploads\/2026\/02\/cropped-logo-wm-wihte.png","contentUrl":"https:\/\/winemission.hu\/wp-content\/uploads\/2026\/02\/cropped-logo-wm-wihte.png","width":1000,"height":500,"caption":"Winemission"},"image":{"@id":"https:\/\/winemission.hu\/#\/schema\/logo\/image\/"},"sameAs":["https:\/\/www.facebook.com\/winemission","https:\/\/www.instagram.com\/wine_mission_hungary\/","https:\/\/share.google\/Zdes6LbYZOfgRQ8zX"],"description":"A Wine Mission Kft. min\u0151s\u00e9gi borok \u00e9s prosecc\u00f3k kis- \u00e9s nagykereskedelm\u00e9vel foglalkozik. Hazai k\u00e9zm\u0171ves \u00e9s pr\u00e9mium bor\u00e1szatok mellett olyan k\u00fcl\u00f6nleges, kiv\u00e1l\u00f3 \u00e1r-\u00e9rt\u00e9k ar\u00e1ny\u00fa francia, olasz \u00e9s spanyol borokat (mint p\u00e9ld\u00e1ul a neves olasz IL COLLE csal\u00e1di pinc\u00e9szet term\u00e9keit) is k\u00e9pvisel\u00fcnk \u00e9s forgalmazunk Magyarorsz\u00e1gon, amelyek igazi gy\u00f6ngyszemek az eur\u00f3pai borvil\u00e1gban.","email":"info@winemission.hu","telephone":"+36 30 300 3865","legalName":"Wine Mission Kft","numberOfEmployees":{"@type":"QuantitativeValue","minValue":"1","maxValue":"10"}}]}},"jetpack_sharing_enabled":true,"_links":{"self":[{"href":"https:\/\/winemission.hu\/index.php?rest_route=\/wp\/v2\/product\/5865","targetHints":{"allow":["GET"]}}],"collection":[{"href":"https:\/\/winemission.hu\/index.php?rest_route=\/wp\/v2\/product"}],"about":[{"href":"https:\/\/winemission.hu\/index.php?rest_route=\/wp\/v2\/types\/product"}],"replies":[{"embeddable":true,"href":"https:\/\/winemission.hu\/index.php?rest_route=%2Fwp%2Fv2%2Fcomments&post=5865"}],"wp:attachment":[{"href":"https:\/\/winemission.hu\/index.php?rest_route=%2Fwp%2Fv2%2Fmedia&parent=5865"}],"wp:term":[{"taxonomy":"product_brand","embeddable":true,"href":"https:\/\/winemission.hu\/index.php?rest_route=%2Fwp%2Fv2%2Fproduct_brand&post=5865"},{"taxonomy":"product_cat","embeddable":true,"href":"https:\/\/winemission.hu\/index.php?rest_route=%2Fwp%2Fv2%2Fproduct_cat&post=5865"},{"taxonomy":"product_tag","embeddable":true,"href":"https:\/\/winemission.hu\/index.php?rest_route=%2Fwp%2Fv2%2Fproduct_tag&post=5865"},{"taxonomy":"winery","embeddable":true,"href":"https:\/\/winemission.hu\/index.php?rest_route=%2Fwp%2Fv2%2Fwinery&post=5865"},{"taxonomy":"wine_variety","embeddable":true,"href":"https:\/\/winemission.hu\/index.php?rest_route=%2Fwp%2Fv2%2Fwine_variety&post=5865"},{"taxonomy":"wine_region","embeddable":true,"href":"https:\/\/winemission.hu\/index.php?rest_route=%2Fwp%2Fv2%2Fwine_region&post=5865"},{"taxonomy":"wine_vintage","embeddable":true,"href":"https:\/\/winemission.hu\/index.php?rest_route=%2Fwp%2Fv2%2Fwine_vintage&post=5865"}],"curies":[{"name":"wp","href":"https:\/\/api.w.org\/{rel}","templated":true}]}}