{"id":17,"date":"2026-02-11T17:49:24","date_gmt":"2026-02-11T16:49:24","guid":{"rendered":"https:\/\/winemission.hu\/?page_id=17"},"modified":"2026-03-05T18:12:18","modified_gmt":"2026-03-05T17:12:18","slug":"kosar","status":"publish","type":"page","link":"https:\/\/winemission.hu\/?page_id=17","title":{"rendered":"Kos\u00e1r"},"content":{"rendered":"\n<div data-block-name=\"woocommerce\/cart\" class=\"wp-block-woocommerce-cart alignwide is-loading\">\n<div data-block-name=\"woocommerce\/filled-cart-block\" class=\"wp-block-woocommerce-filled-cart-block\">\n<div data-block-name=\"woocommerce\/cart-items-block\" class=\"wp-block-woocommerce-cart-items-block\">\n<div data-block-name=\"woocommerce\/cart-line-items-block\" class=\"wp-block-woocommerce-cart-line-items-block\"><\/div>\n\n\n<\/div>\n\n\n\n\n<div data-block-name=\"woocommerce\/cart-totals-block\" class=\"wp-block-woocommerce-cart-totals-block\">\n<div data-block-name=\"woocommerce\/cart-order-summary-block\" class=\"wp-block-woocommerce-cart-order-summary-block\">\n<div data-block-name=\"woocommerce\/cart-order-summary-heading-block\" class=\"wp-block-woocommerce-cart-order-summary-heading-block\"><\/div><div data-block-name=\"woocommerce\/cart-order-summary-coupon-form-block\" class=\"wp-block-woocommerce-cart-order-summary-coupon-form-block\"><\/div><div data-block-name=\"woocommerce\/cart-order-summary-totals-block\" class=\"wp-block-woocommerce-cart-order-summary-totals-block\">\n<div data-block-name=\"woocommerce\/cart-order-summary-subtotal-block\" class=\"wp-block-woocommerce-cart-order-summary-subtotal-block\"><\/div>\n<div data-block-name=\"woocommerce\/cart-order-summary-discount-block\" class=\"wp-block-woocommerce-cart-order-summary-discount-block\"><\/div>\n<div data-block-name=\"woocommerce\/cart-order-summary-fee-block\" class=\"wp-block-woocommerce-cart-order-summary-fee-block\"><\/div>\n<div data-block-name=\"woocommerce\/cart-order-summary-shipping-block\" class=\"wp-block-woocommerce-cart-order-summary-shipping-block\"><\/div>\n<div data-block-name=\"woocommerce\/cart-order-summary-taxes-block\" class=\"wp-block-woocommerce-cart-order-summary-taxes-block\"><\/div><\/div>\n<\/div>\n\n\n\n<div data-block-name=\"woocommerce\/cart-express-payment-block\" class=\"wp-block-woocommerce-cart-express-payment-block\"><\/div>\n\n\n\n<div data-block-name=\"woocommerce\/proceed-to-checkout-block\" class=\"wp-block-woocommerce-proceed-to-checkout-block\"><\/div>\n\n\n\n<div data-block-name=\"woocommerce\/cart-accepted-payment-methods-block\" class=\"wp-block-woocommerce-cart-accepted-payment-methods-block\"><\/div>\n<\/div>\n<\/div>\n\n\n\n<div data-block-name=\"woocommerce\/empty-cart-block\" class=\"wp-block-woocommerce-empty-cart-block\">\n<h2 class=\"wp-block-heading has-text-align-center with-empty-cart-icon wc-block-cart__empty-cart__title\">Jelenleg \u00fcres a kosarad.<\/h2>\n\n\n\n<hr class=\"wp-block-separator has-alpha-channel-opacity is-style-dots\"\/>\n\n\n\n<h2 class=\"wp-block-heading has-text-align-center\">\u00dajdons\u00e1gok<\/h2>\n\n\n<div data-block-name=\"woocommerce\/product-new\" data-columns=\"4\" data-rows=\"1\" class=\"wc-block-grid wp-block-product-new wp-block-woocommerce-product-new wc-block-product-new has-4-columns\"><ul class=\"wc-block-grid__products\"><li class=\"wc-block-grid__product\">\n\t\t\t\t<a href=\"https:\/\/winemission.hu\/?product=egri-csillag\" class=\"wc-block-grid__product-link\">\n\t\t\t\t\t\n\t\t\t\t\t<div class=\"wc-block-grid__product-image\"><img fetchpriority=\"high\" decoding=\"async\" width=\"300\" height=\"300\" src=\"https:\/\/winemission.hu\/wp-content\/uploads\/2026\/04\/150-300x300.png\" class=\"attachment-woocommerce_thumbnail size-woocommerce_thumbnail\" alt=\"Egri Csillag\" srcset=\"https:\/\/winemission.hu\/wp-content\/uploads\/2026\/04\/150-300x300.png 300w, https:\/\/winemission.hu\/wp-content\/uploads\/2026\/04\/150-150x150.png 150w, https:\/\/winemission.hu\/wp-content\/uploads\/2026\/04\/150-768x768.png 768w, https:\/\/winemission.hu\/wp-content\/uploads\/2026\/04\/150-200x200.png 200w, https:\/\/winemission.hu\/wp-content\/uploads\/2026\/04\/150-600x600.png 600w, https:\/\/winemission.hu\/wp-content\/uploads\/2026\/04\/150-100x100.png 100w, https:\/\/winemission.hu\/wp-content\/uploads\/2026\/04\/150.png 1000w\" sizes=\"(max-width: 300px) 100vw, 300px\" \/><\/div>\n\t\t\t\t\t<div class=\"wc-block-grid__product-title\">Egri Csillag<\/div>\n\t\t\t\t<\/a>\n\t\t\t\t<div class=\"wc-block-grid__product-price price\"><span class=\"woocommerce-Price-amount amount\">1 650<span class=\"woocommerce-Price-currencySymbol\">&#070;&#116;<\/span><\/span><\/div>\n\t\t\t\t\n\t\t\t\t<div class=\"wp-block-button wc-block-grid__product-add-to-cart\"><a href=\"\/index.php?rest_route=%2Fwp%2Fv2%2Fpages%2F17&#038;add-to-cart=5875\" aria-label=\"Kos\u00e1rba: &ldquo;Egri Csillag&rdquo;\" data-quantity=\"1\" data-product_id=\"5875\" data-product_sku=\"toth-ferenc-egri-csillag-2023\" data-price=\"1650\" rel=\"nofollow\" class=\"wp-block-button__link  add_to_cart_button ajax_add_to_cart\">Kos\u00e1rba teszem<\/a><\/div>\n\t\t\t<\/li><li class=\"wc-block-grid__product\">\n\t\t\t\t<a href=\"https:\/\/winemission.hu\/?product=egri-leanyka\" class=\"wc-block-grid__product-link\">\n\t\t\t\t\t\n\t\t\t\t\t<div class=\"wc-block-grid__product-image\"><img decoding=\"async\" width=\"300\" height=\"300\" src=\"https:\/\/winemission.hu\/wp-content\/uploads\/2026\/04\/149-300x300.webp\" class=\"attachment-woocommerce_thumbnail size-woocommerce_thumbnail\" alt=\"Egri Le\u00e1nyka\" srcset=\"https:\/\/winemission.hu\/wp-content\/uploads\/2026\/04\/149-300x300.webp 300w, https:\/\/winemission.hu\/wp-content\/uploads\/2026\/04\/149-1024x1024.webp 1024w, https:\/\/winemission.hu\/wp-content\/uploads\/2026\/04\/149-150x150.webp 150w, https:\/\/winemission.hu\/wp-content\/uploads\/2026\/04\/149-768x768.webp 768w, https:\/\/winemission.hu\/wp-content\/uploads\/2026\/04\/149-200x200.webp 200w, https:\/\/winemission.hu\/wp-content\/uploads\/2026\/04\/149-600x600.webp 600w, https:\/\/winemission.hu\/wp-content\/uploads\/2026\/04\/149-100x100.webp 100w, https:\/\/winemission.hu\/wp-content\/uploads\/2026\/04\/149.webp 1200w\" sizes=\"(max-width: 300px) 100vw, 300px\" \/><\/div>\n\t\t\t\t\t<div class=\"wc-block-grid__product-title\">Egri Le\u00e1nyka<\/div>\n\t\t\t\t<\/a>\n\t\t\t\t<div class=\"wc-block-grid__product-price price\"><span class=\"woocommerce-Price-amount amount\">1 550<span class=\"woocommerce-Price-currencySymbol\">&#070;&#116;<\/span><\/span><\/div>\n\t\t\t\t\n\t\t\t\t<div class=\"wp-block-button wc-block-grid__product-add-to-cart\"><a href=\"\/index.php?rest_route=%2Fwp%2Fv2%2Fpages%2F17&#038;add-to-cart=5874\" aria-label=\"Kos\u00e1rba: &ldquo;Egri Le\u00e1nyka&rdquo;\" data-quantity=\"1\" data-product_id=\"5874\" data-product_sku=\"toth-ferenc-egri-leanyka-2024\" data-price=\"1550\" rel=\"nofollow\" class=\"wp-block-button__link  add_to_cart_button ajax_add_to_cart\">Kos\u00e1rba teszem<\/a><\/div>\n\t\t\t<\/li><li class=\"wc-block-grid__product\">\n\t\t\t\t<a href=\"https:\/\/winemission.hu\/?product=somloi-furmint\" class=\"wc-block-grid__product-link\">\n\t\t\t\t\t\n\t\t\t\t\t<div class=\"wc-block-grid__product-image\"><img decoding=\"async\" width=\"300\" height=\"300\" src=\"https:\/\/winemission.hu\/wp-content\/uploads\/2026\/04\/148-300x300.webp\" class=\"attachment-woocommerce_thumbnail size-woocommerce_thumbnail\" alt=\"Soml\u00f3i Furmint\" srcset=\"https:\/\/winemission.hu\/wp-content\/uploads\/2026\/04\/148-300x300.webp 300w, https:\/\/winemission.hu\/wp-content\/uploads\/2026\/04\/148-1024x1024.webp 1024w, https:\/\/winemission.hu\/wp-content\/uploads\/2026\/04\/148-150x150.webp 150w, https:\/\/winemission.hu\/wp-content\/uploads\/2026\/04\/148-768x768.webp 768w, https:\/\/winemission.hu\/wp-content\/uploads\/2026\/04\/148-1536x1536.webp 1536w, https:\/\/winemission.hu\/wp-content\/uploads\/2026\/04\/148-2048x2048.webp 2048w, https:\/\/winemission.hu\/wp-content\/uploads\/2026\/04\/148-200x200.webp 200w, https:\/\/winemission.hu\/wp-content\/uploads\/2026\/04\/148-600x600.webp 600w, https:\/\/winemission.hu\/wp-content\/uploads\/2026\/04\/148-100x100.webp 100w\" sizes=\"(max-width: 300px) 100vw, 300px\" \/><\/div>\n\t\t\t\t\t<div class=\"wc-block-grid__product-title\">Soml\u00f3i Furmint<\/div>\n\t\t\t\t<\/a>\n\t\t\t\t<div class=\"wc-block-grid__product-price price\"><span class=\"woocommerce-Price-amount amount\">2 900<span class=\"woocommerce-Price-currencySymbol\">&#070;&#116;<\/span><\/span><\/div>\n\t\t\t\t\n\t\t\t\t<div class=\"wp-block-button wc-block-grid__product-add-to-cart\"><a href=\"\/index.php?rest_route=%2Fwp%2Fv2%2Fpages%2F17&#038;add-to-cart=5873\" aria-label=\"Kos\u00e1rba: &ldquo;Soml\u00f3i Furmint&rdquo;\" data-quantity=\"1\" data-product_id=\"5873\" data-product_sku=\"kolonics-somloi-furmint-2022\" data-price=\"2900\" rel=\"nofollow\" class=\"wp-block-button__link  add_to_cart_button ajax_add_to_cart\">Kos\u00e1rba teszem<\/a><\/div>\n\t\t\t<\/li><li class=\"wc-block-grid__product\">\n\t\t\t\t<a href=\"https:\/\/winemission.hu\/?product=somloi-juhfark\" class=\"wc-block-grid__product-link\">\n\t\t\t\t\t\n\t\t\t\t\t<div class=\"wc-block-grid__product-image\"><img loading=\"lazy\" decoding=\"async\" width=\"300\" height=\"300\" src=\"https:\/\/winemission.hu\/wp-content\/uploads\/2026\/04\/147-300x300.png\" class=\"attachment-woocommerce_thumbnail size-woocommerce_thumbnail\" alt=\"Soml\u00f3i Juhfark\" srcset=\"https:\/\/winemission.hu\/wp-content\/uploads\/2026\/04\/147-300x300.png 300w, https:\/\/winemission.hu\/wp-content\/uploads\/2026\/04\/147-1024x1024.png 1024w, https:\/\/winemission.hu\/wp-content\/uploads\/2026\/04\/147-150x150.png 150w, https:\/\/winemission.hu\/wp-content\/uploads\/2026\/04\/147-768x768.png 768w, https:\/\/winemission.hu\/wp-content\/uploads\/2026\/04\/147-1536x1536.png 1536w, https:\/\/winemission.hu\/wp-content\/uploads\/2026\/04\/147-2048x2048.png 2048w, https:\/\/winemission.hu\/wp-content\/uploads\/2026\/04\/147-200x200.png 200w, https:\/\/winemission.hu\/wp-content\/uploads\/2026\/04\/147-600x600.png 600w, https:\/\/winemission.hu\/wp-content\/uploads\/2026\/04\/147-100x100.png 100w\" sizes=\"(max-width: 300px) 100vw, 300px\" \/><\/div>\n\t\t\t\t\t<div class=\"wc-block-grid__product-title\">Soml\u00f3i Juhfark<\/div>\n\t\t\t\t<\/a>\n\t\t\t\t<div class=\"wc-block-grid__product-price price\"><span class=\"woocommerce-Price-amount amount\">3 100<span class=\"woocommerce-Price-currencySymbol\">&#070;&#116;<\/span><\/span><\/div>\n\t\t\t\t\n\t\t\t\t<div class=\"wp-block-button wc-block-grid__product-add-to-cart\"><a href=\"\/index.php?rest_route=%2Fwp%2Fv2%2Fpages%2F17&#038;add-to-cart=5871\" aria-label=\"Kos\u00e1rba: &ldquo;Soml\u00f3i Juhfark&rdquo;\" data-quantity=\"1\" data-product_id=\"5871\" data-product_sku=\"kolonics-somloi-juhfark-2022\" data-price=\"3100\" rel=\"nofollow\" class=\"wp-block-button__link  add_to_cart_button ajax_add_to_cart\">Kos\u00e1rba teszem<\/a><\/div>\n\t\t\t<\/li><\/ul><\/div><\/div>\n<\/div>\n","protected":false},"excerpt":{"rendered":"","protected":false},"author":1,"featured_media":0,"parent":0,"menu_order":0,"comment_status":"closed","ping_status":"closed","template":"","meta":{"footnotes":""},"class_list":["post-17","page","type-page","status-publish","hentry"],"yoast_head":"<!-- This site is optimized with the Yoast SEO Premium plugin v27.3 (Yoast SEO v27.4) - https:\/\/yoast.com\/product\/yoast-seo-premium-wordpress\/ -->\n<title>Kos\u00e1r - Winemission<\/title>\n<meta name=\"description\" content=\"\u00c9rdekelhet m\u00e9g&hellip;                                 Jelenleg \u00fcres a kosarad.    \u00dajdons\u00e1gok\" \/>\n<meta name=\"robots\" content=\"index, follow, max-snippet:-1, max-image-preview:large, max-video-preview:-1\" \/>\n<link rel=\"canonical\" href=\"https:\/\/winemission.hu\/?page_id=17\" \/>\n<meta property=\"og:locale\" content=\"hu_HU\" \/>\n<meta property=\"og:type\" content=\"article\" \/>\n<meta property=\"og:title\" content=\"Kos\u00e1r\" \/>\n<meta property=\"og:description\" content=\"\u00c9rdekelhet m\u00e9g&hellip;                                 Jelenleg \u00fcres a kosarad.    \u00dajdons\u00e1gok\" \/>\n<meta property=\"og:url\" content=\"https:\/\/winemission.hu\/?page_id=17\" \/>\n<meta property=\"og:site_name\" content=\"Winemission\" \/>\n<meta property=\"article:publisher\" content=\"https:\/\/www.facebook.com\/winemission\" \/>\n<meta property=\"article:modified_time\" content=\"2026-03-05T17:12:18+00:00\" \/>\n<meta property=\"og:image\" content=\"https:\/\/winemission.hu\/wp-content\/uploads\/2026\/04\/Nevtelen-terv-6.png\" \/>\n\t<meta property=\"og:image:width\" content=\"1200\" \/>\n\t<meta property=\"og:image:height\" content=\"675\" \/>\n\t<meta property=\"og:image:type\" content=\"image\/png\" \/>\n<meta name=\"twitter:card\" content=\"summary_large_image\" \/>\n<script type=\"application\/ld+json\" class=\"yoast-schema-graph\">{\"@context\":\"https:\\\/\\\/schema.org\",\"@graph\":[{\"@type\":\"WebPage\",\"@id\":\"https:\\\/\\\/winemission.hu\\\/?page_id=17\",\"url\":\"https:\\\/\\\/winemission.hu\\\/?page_id=17\",\"name\":\"Kos\u00e1r - Winemission\",\"isPartOf\":{\"@id\":\"https:\\\/\\\/winemission.hu\\\/#website\"},\"datePublished\":\"2026-02-11T16:49:24+00:00\",\"dateModified\":\"2026-03-05T17:12:18+00:00\",\"description\":\"\u00c9rdekelhet m\u00e9g&hellip; Jelenleg \u00fcres a kosarad. \u00dajdons\u00e1gok\",\"breadcrumb\":{\"@id\":\"https:\\\/\\\/winemission.hu\\\/?page_id=17#breadcrumb\"},\"inLanguage\":\"hu\",\"potentialAction\":[{\"@type\":\"ReadAction\",\"target\":[\"https:\\\/\\\/winemission.hu\\\/?page_id=17\"]}]},{\"@type\":\"BreadcrumbList\",\"@id\":\"https:\\\/\\\/winemission.hu\\\/?page_id=17#breadcrumb\",\"itemListElement\":[{\"@type\":\"ListItem\",\"position\":1,\"name\":\"Kezd\u0151lap\",\"item\":\"https:\\\/\\\/winemission.hu\\\/\"},{\"@type\":\"ListItem\",\"position\":2,\"name\":\"Kos\u00e1r\"}]},{\"@type\":\"WebSite\",\"@id\":\"https:\\\/\\\/winemission.hu\\\/#website\",\"url\":\"https:\\\/\\\/winemission.hu\\\/\",\"name\":\"Winemission\",\"description\":\"Bor \u00e9s prosecco.\",\"publisher\":{\"@id\":\"https:\\\/\\\/winemission.hu\\\/#organization\"},\"alternateName\":\"winemission\",\"potentialAction\":[{\"@type\":\"SearchAction\",\"target\":{\"@type\":\"EntryPoint\",\"urlTemplate\":\"https:\\\/\\\/winemission.hu\\\/?s={search_term_string}\"},\"query-input\":{\"@type\":\"PropertyValueSpecification\",\"valueRequired\":true,\"valueName\":\"search_term_string\"}}],\"inLanguage\":\"hu\"},{\"@type\":\"Organization\",\"@id\":\"https:\\\/\\\/winemission.hu\\\/#organization\",\"name\":\"Winemission\",\"alternateName\":\"winemission\",\"url\":\"https:\\\/\\\/winemission.hu\\\/\",\"logo\":{\"@type\":\"ImageObject\",\"inLanguage\":\"hu\",\"@id\":\"https:\\\/\\\/winemission.hu\\\/#\\\/schema\\\/logo\\\/image\\\/\",\"url\":\"https:\\\/\\\/winemission.hu\\\/wp-content\\\/uploads\\\/2026\\\/02\\\/cropped-logo-wm-wihte.png\",\"contentUrl\":\"https:\\\/\\\/winemission.hu\\\/wp-content\\\/uploads\\\/2026\\\/02\\\/cropped-logo-wm-wihte.png\",\"width\":1000,\"height\":500,\"caption\":\"Winemission\"},\"image\":{\"@id\":\"https:\\\/\\\/winemission.hu\\\/#\\\/schema\\\/logo\\\/image\\\/\"},\"sameAs\":[\"https:\\\/\\\/www.facebook.com\\\/winemission\",\"https:\\\/\\\/www.instagram.com\\\/wine_mission_hungary\\\/\",\"https:\\\/\\\/share.google\\\/Zdes6LbYZOfgRQ8zX\"],\"description\":\"A Wine Mission Kft. min\u0151s\u00e9gi borok \u00e9s prosecc\u00f3k kis- \u00e9s nagykereskedelm\u00e9vel foglalkozik. Hazai k\u00e9zm\u0171ves \u00e9s pr\u00e9mium bor\u00e1szatok mellett olyan k\u00fcl\u00f6nleges, kiv\u00e1l\u00f3 \u00e1r-\u00e9rt\u00e9k ar\u00e1ny\u00fa francia, olasz \u00e9s spanyol borokat (mint p\u00e9ld\u00e1ul a neves olasz IL COLLE csal\u00e1di pinc\u00e9szet term\u00e9keit) is k\u00e9pvisel\u00fcnk \u00e9s forgalmazunk Magyarorsz\u00e1gon, amelyek igazi gy\u00f6ngyszemek az eur\u00f3pai borvil\u00e1gban.\",\"email\":\"info@winemission.hu\",\"telephone\":\"+36 30 300 3865\",\"legalName\":\"Wine Mission Kft\",\"numberOfEmployees\":{\"@type\":\"QuantitativeValue\",\"minValue\":\"1\",\"maxValue\":\"10\"}}]}<\/script>\n<!-- \/ Yoast SEO Premium plugin. -->","yoast_head_json":{"title":"Kos\u00e1r - Winemission","description":"\u00c9rdekelhet m\u00e9g&hellip;                                 Jelenleg \u00fcres a kosarad.    \u00dajdons\u00e1gok","robots":{"index":"index","follow":"follow","max-snippet":"max-snippet:-1","max-image-preview":"max-image-preview:large","max-video-preview":"max-video-preview:-1"},"canonical":"https:\/\/winemission.hu\/?page_id=17","og_locale":"hu_HU","og_type":"article","og_title":"Kos\u00e1r","og_description":"\u00c9rdekelhet m\u00e9g&hellip;                                 Jelenleg \u00fcres a kosarad.    \u00dajdons\u00e1gok","og_url":"https:\/\/winemission.hu\/?page_id=17","og_site_name":"Winemission","article_publisher":"https:\/\/www.facebook.com\/winemission","article_modified_time":"2026-03-05T17:12:18+00:00","og_image":[{"width":1200,"height":675,"url":"https:\/\/winemission.hu\/wp-content\/uploads\/2026\/04\/Nevtelen-terv-6.png","type":"image\/png"}],"twitter_card":"summary_large_image","schema":{"@context":"https:\/\/schema.org","@graph":[{"@type":"WebPage","@id":"https:\/\/winemission.hu\/?page_id=17","url":"https:\/\/winemission.hu\/?page_id=17","name":"Kos\u00e1r - Winemission","isPartOf":{"@id":"https:\/\/winemission.hu\/#website"},"datePublished":"2026-02-11T16:49:24+00:00","dateModified":"2026-03-05T17:12:18+00:00","description":"\u00c9rdekelhet m\u00e9g&hellip; Jelenleg \u00fcres a kosarad. \u00dajdons\u00e1gok","breadcrumb":{"@id":"https:\/\/winemission.hu\/?page_id=17#breadcrumb"},"inLanguage":"hu","potentialAction":[{"@type":"ReadAction","target":["https:\/\/winemission.hu\/?page_id=17"]}]},{"@type":"BreadcrumbList","@id":"https:\/\/winemission.hu\/?page_id=17#breadcrumb","itemListElement":[{"@type":"ListItem","position":1,"name":"Kezd\u0151lap","item":"https:\/\/winemission.hu\/"},{"@type":"ListItem","position":2,"name":"Kos\u00e1r"}]},{"@type":"WebSite","@id":"https:\/\/winemission.hu\/#website","url":"https:\/\/winemission.hu\/","name":"Winemission","description":"Bor \u00e9s prosecco.","publisher":{"@id":"https:\/\/winemission.hu\/#organization"},"alternateName":"winemission","potentialAction":[{"@type":"SearchAction","target":{"@type":"EntryPoint","urlTemplate":"https:\/\/winemission.hu\/?s={search_term_string}"},"query-input":{"@type":"PropertyValueSpecification","valueRequired":true,"valueName":"search_term_string"}}],"inLanguage":"hu"},{"@type":"Organization","@id":"https:\/\/winemission.hu\/#organization","name":"Winemission","alternateName":"winemission","url":"https:\/\/winemission.hu\/","logo":{"@type":"ImageObject","inLanguage":"hu","@id":"https:\/\/winemission.hu\/#\/schema\/logo\/image\/","url":"https:\/\/winemission.hu\/wp-content\/uploads\/2026\/02\/cropped-logo-wm-wihte.png","contentUrl":"https:\/\/winemission.hu\/wp-content\/uploads\/2026\/02\/cropped-logo-wm-wihte.png","width":1000,"height":500,"caption":"Winemission"},"image":{"@id":"https:\/\/winemission.hu\/#\/schema\/logo\/image\/"},"sameAs":["https:\/\/www.facebook.com\/winemission","https:\/\/www.instagram.com\/wine_mission_hungary\/","https:\/\/share.google\/Zdes6LbYZOfgRQ8zX"],"description":"A Wine Mission Kft. min\u0151s\u00e9gi borok \u00e9s prosecc\u00f3k kis- \u00e9s nagykereskedelm\u00e9vel foglalkozik. Hazai k\u00e9zm\u0171ves \u00e9s pr\u00e9mium bor\u00e1szatok mellett olyan k\u00fcl\u00f6nleges, kiv\u00e1l\u00f3 \u00e1r-\u00e9rt\u00e9k ar\u00e1ny\u00fa francia, olasz \u00e9s spanyol borokat (mint p\u00e9ld\u00e1ul a neves olasz IL COLLE csal\u00e1di pinc\u00e9szet term\u00e9keit) is k\u00e9pvisel\u00fcnk \u00e9s forgalmazunk Magyarorsz\u00e1gon, amelyek igazi gy\u00f6ngyszemek az eur\u00f3pai borvil\u00e1gban.","email":"info@winemission.hu","telephone":"+36 30 300 3865","legalName":"Wine Mission Kft","numberOfEmployees":{"@type":"QuantitativeValue","minValue":"1","maxValue":"10"}}]}},"jetpack_sharing_enabled":true,"_links":{"self":[{"href":"https:\/\/winemission.hu\/index.php?rest_route=\/wp\/v2\/pages\/17","targetHints":{"allow":["GET"]}}],"collection":[{"href":"https:\/\/winemission.hu\/index.php?rest_route=\/wp\/v2\/pages"}],"about":[{"href":"https:\/\/winemission.hu\/index.php?rest_route=\/wp\/v2\/types\/page"}],"author":[{"embeddable":true,"href":"https:\/\/winemission.hu\/index.php?rest_route=\/wp\/v2\/users\/1"}],"replies":[{"embeddable":true,"href":"https:\/\/winemission.hu\/index.php?rest_route=%2Fwp%2Fv2%2Fcomments&post=17"}],"version-history":[{"count":1,"href":"https:\/\/winemission.hu\/index.php?rest_route=\/wp\/v2\/pages\/17\/revisions"}],"predecessor-version":[{"id":3599,"href":"https:\/\/winemission.hu\/index.php?rest_route=\/wp\/v2\/pages\/17\/revisions\/3599"}],"wp:attachment":[{"href":"https:\/\/winemission.hu\/index.php?rest_route=%2Fwp%2Fv2%2Fmedia&parent=17"}],"curies":[{"name":"wp","href":"https:\/\/api.w.org\/{rel}","templated":true}]}}